{"id":1862,"date":"2020-05-01T15:08:36","date_gmt":"2020-05-01T15:08:36","guid":{"rendered":"https:\/\/nebot.com\/catalogos\/?page_id=1862"},"modified":"2020-05-01T15:31:09","modified_gmt":"2020-05-01T15:31:09","slug":"aviso-legal","status":"publish","type":"page","link":"https:\/\/nebot.com\/catalogos\/aviso-legal\/","title":{"rendered":"AVISO LEGAL"},"content":{"rendered":"\n<p class=\"has-medium-font-size\"><strong>AVISO LEGAL<\/strong><\/p>\n\n\n\n<p>El presente Aviso Legal regula el\n  acceso, navegaci\u00f3n y uso del presente sitio web (en adelante, el \u201cSitio\n  Web\u201d).&nbsp;<\/p>\n\n\n\n<p><strong>1.-DERECHO\nDE LA INFORMACI\u00d3N<\/strong><\/p>\n\n\n\n<p>En cumplimiento con el deber de\ninformaci\u00f3n recogido en art\u00edculo 10 de la Ley 34\/2002, de 11 de Julio, de\nServicios de la Sociedad de la Informaci\u00f3n y del Comercio Electr\u00f3nico, le\ninformamos que el Sitio Web es titularidad de Toben Trading Group\nS.L. (en adelante, el \u201cTITULAR\u201d) con CIF B65872277, con domicilio en: C\/ Castillejos\n158 (B 575) 08013 Barcelona,<\/p>\n\n\n\n<p>Puede ponerse en contacto con la empresa\ntitular del sitio web en la siguiente direcci\u00f3n de correo electr\u00f3nico:&nbsp;<a href=\"mailto:comercial@nebot.com\">comercial@nebot.com<\/a><\/p>\n\n\n\n<p><strong>2.-\nUSUARIOS<\/strong><\/p>\n\n\n\n<p>El acceso y\/o uso al Sitio Web le\natribuye la condici\u00f3n de Usuario, y acepta, desde dicho acceso y\/o uso, el\npresente Aviso Legal, as\u00ed como todas y cada una de las condiciones y restricciones\nque est\u00e9n publicadas en el Sitio Web en el momento en que acceda al mismo.<\/p>\n\n\n\n<p>El acceso al Sitio Web y\/o la\nutilizaci\u00f3n de cualquiera de los servicios en \u00e9l incluidos supondr\u00e1 la\naceptaci\u00f3n de todas las condiciones de uso. El TITULAR se reserva el derecho a\nmodificar unilateralmente el Sitio Web y los Contenidos en \u00e9l ofrecidos,\nincluyendo la modificaci\u00f3n de las condiciones de uso. En cuyo caso, avisar\u00e1\npreviamente al Usuario. Se recomienda al Usuario que lea este Aviso Legal\ntantas veces como acceda al Sitio Web.<\/p>\n\n\n\n<p><strong>3.-\nUSO DEL SITIO WEB<\/strong><\/p>\n\n\n\n<p>El Sitio Web puede proporcionar acceso a\nmultitud de textos, gr\u00e1ficos, dibujos, dise\u00f1os, c\u00f3digos, software, fotograf\u00edas,\nm\u00fasica, v\u00eddeos, sonidos, bases de datos, im\u00e1genes, expresiones e informaciones\n(en adelante, \u201cContenidos\u201d) pertenecientes al TITULAR o a terceros a los que el\nUsuario puede tener acceso.<\/p>\n\n\n\n<p>El Usuario asume la responsabilidad del\nuso del Sitio Web. Dicha responsabilidad se extiende al registro que, en su\ncaso, sea necesario para acceder a los Contenidos que preste el Sitio Web.<\/p>\n\n\n\n<p>El Usuario se compromete a hacer un uso\nadecuado de los Contenidos ofrecidos a trav\u00e9s del Sitio Web y con car\u00e1cter\nenunciativo pero no limitativo, a no emplearlos para (I) incurrir en\nactividades il\u00edcitas, ilegales o contrarias a la buena fe y al orden p\u00fablico; (II)\nprovocar da\u00f1os en los sistemas f\u00edsicos y l\u00f3gicos del titular del Sitio Web, de\nsus proveedores o de terceras personas, (III) introducir o difundir en la red\nvirus inform\u00e1ticos o cualesquiera otros sistemas f\u00edsicos o l\u00f3gicos que sean\nsusceptibles de provocar los da\u00f1os anteriormente mencionados.<\/p>\n\n\n\n<p>El TITULAR tendr\u00e1 derecho a investigar y\ndenunciar cualquiera de las conductas mencionadas de acuerdo con la Ley, as\u00ed\ncomo a colaborar con las autoridades en la investigaci\u00f3n de dichas actuaciones.\n&nbsp;&nbsp;&nbsp;&nbsp;<\/p>\n\n\n\n<p><strong>4.-\nPROPIEDAD INTELECTUAL<\/strong><\/p>\n\n\n\n<p>Todos los derechos de propiedad\nintelectual del Contenido, dise\u00f1o y c\u00f3digo fuente de este Sitio Web son\npropiedad exclusiva de EL TITULAR, o bien de terceros que han autorizado a EL\nTITULAR para la utilizaci\u00f3n de los mismos en su Sitio\nWeb, correspondi\u00e9ndoles el ejercicio exclusivo de los derechos de explotaci\u00f3n\nde los mismos.<\/p>\n\n\n\n<p>Por ello y en virtud de lo dispuesto en\nel Real Decreto Legislativo 1\/1996, de 12 de Abril, por el que se aprueba el\nTexto Refundido de la Ley de Propiedad Intelectual, as\u00ed como en la Ley 17\/2001,\nde 7 de diciembre, de Marcas y la legislaci\u00f3n complementaria en materia de\npropiedad intelectual e industrial, queda prohibida la reproducci\u00f3n,\ntransmisi\u00f3n, adaptaci\u00f3n, traducci\u00f3n, distribuci\u00f3n, comunicaci\u00f3n p\u00fablica,\nincluida su modalidad de puesta a disposici\u00f3n, o cualquier otra explotaci\u00f3n y\/o\nmodificaci\u00f3n, de la totalidad o parte de los contenidos del Sitio Web, sin\nprevia autorizaci\u00f3n expresa de EL TITULAR.<\/p>\n\n\n\n<p>El TITULAR no concede ninguna licencia o\nautorizaci\u00f3n de uso de ninguna clase sobre sus derechos de propiedad\nintelectual e industrial o sobre cualquier otra propiedad o derecho relacionado\ncon el Sitio Web, y en ning\u00fan caso se entender\u00e1 que el acceso y navegaci\u00f3n del\nUsuario implica una renuncia, transmisi\u00f3n, licencia o cesi\u00f3n total ni parcial\nde dichos derechos por parte del TITULAR.<\/p>\n\n\n\n<p>Cualquier uso de esos contenidos no\nautorizado previamente por parte del TITULAR ser\u00e1 considerado un incumplimiento\ngrave de los derechos de propiedad intelectual o industrial y dar\u00e1 lugar a las\nresponsabilidades legalmente establecidas.<\/p>\n\n\n\n<p><strong>5.-\nRESPONSABILIDAD Y GARANT\u00cdAS<\/strong><\/p>\n\n\n\n<ul class=\"wp-block-list\"><li>a)&nbsp;Exclusi\u00f3n de garant\u00edas y\nresponsabilidad por el funcionamiento del Sitio Web.<\/li><\/ul>\n\n\n\n<p>El TITULAR declara que ha adoptado las\nmedidas necesarias que, dentro de sus posibilidades y el estado de la\ntecnolog\u00eda, permitan el correcto funcionamiento de su Sitio Web\nas\u00ed como la ausencia de virus y componentes da\u00f1inos. Sin embargo, el TITULAR no\npuede hacerse responsable de: (a) la continuidad y disponibilidad de los\nContenidos; (b) la ausencia de errores en dichos Contenidos ni la correcci\u00f3n de\ncualquier defecto que pudiera ocurrir; (c) la ausencia de virus y\/o dem\u00e1s\ncomponentes da\u00f1inos; (d) los da\u00f1os o perjuicios que cause cualquier persona que\nvulnere los sistemas de seguridad del TITULAR.<\/p>\n\n\n\n<p>El TITULAR podr\u00e1 suspender temporalmente\ny sin previo aviso, la accesibilidad al Sitio Web con motivo de operaciones de\nmantenimiento, reparaci\u00f3n, actualizaci\u00f3n o mejora. No obstante, siempre que las\ncircunstancias lo permitan, el TITULAR comunicar\u00e1 al Usuario, con antelaci\u00f3n\nsuficiente, la fecha prevista para la suspensi\u00f3n del acceso al Sitio web.<\/p>\n\n\n\n<p>5.b)&nbsp;Exclusi\u00f3n de garant\u00edas y\nresponsabilidad por los Contenidos.<\/p>\n\n\n\n<p>El TITULAR no puede garantizar la\nidoneidad de los Contenidos incluidos en el Sitio Web para fines particulares\nde quien acceda a la misma. En consecuencia, tanto el acceso a dicho Sitio Web\ncomo el uso que pueda hacerse de la informaci\u00f3n y Contenidos incluidos en el\nmismo se efect\u00faa bajo la exclusiva responsabilidad del Usuario, por lo que el\nTITULAR no responder\u00e1 en ning\u00fan caso por los eventuales perjuicios derivados\ndel mal uso de la informaci\u00f3n y Contenidos accesibles en el Sitio Web.<\/p>\n\n\n\n<p>El TITULAR no se responsabiliza del uso\nque los Usuarios puedan hacer de los Contenidos incluidos en el Sitio Web. En\nconsecuencia, el TITULAR no garantiza que el uso que los Usuarios puedan hacer\nde los contenidos que en su caso se incluyan en el Sitio Web, se ajusten al\npresente Aviso Legal, ni que lo hagan de forma diligente.<\/p>\n\n\n\n<p>5.c)&nbsp;Exclusi\u00f3n de garant\u00edas y\nresponsabilidad por enlaces a otras p\u00e1ginas web.<\/p>\n\n\n\n<p>El Sitio Web puede contener\nhiperv\u00ednculos que permitan al Usuario acceder a p\u00e1ginas Web de terceros. El TITULAR\nno asume ninguna responsabilidad por el contenido o informaciones que pudieran\naparecer en dichos sitios, que se entender\u00e1n ofrecidos exclusivamente con\ncar\u00e1cter informativo por parte del TITULAR, y que en ning\u00fan caso implican\naceptaci\u00f3n o respaldo alguno entre el TITULAR y las personas o entidades\ntitulares de tales contenidos o titulares de los sitios donde se encuentren. En\nconsecuencia, el Usuario accede bajo su exclusiva responsabilidad a los\nreferidos sitios web.<\/p>\n\n\n\n<p><strong>6.-\nDURACI\u00d3N Y MODIFICACI\u00d3N<\/strong><\/p>\n\n\n\n<p>Las condiciones del presente Aviso Legal\nestar\u00e1n vigentes hasta que sean modificadas, pudiendo el TITULAR efectuar estos\ncambios que ser\u00e1n comunicados al Usuario.<\/p>\n\n\n\n<p>El TITULAR podr\u00e1 suprimir, a\u00f1adir o\ncambiar los Contenidos que ofrece a trav\u00e9s del Sitio Web, as\u00ed como tambi\u00e9n la\nforma en la que los mismos aparezcan localizados o presentados. Se entienden\ncomo vigentes, las condiciones que est\u00e9n publicadas en el momento en el que el\nUsuario acceda al Sitio Web del TITULAR.<\/p>\n\n\n\n<p>El acceso y\/o el uso del Sitio Web se entender\u00e1n\ncomo una aceptaci\u00f3n por parte del Usuario de las condiciones del presente Aviso\nLegal y, en su caso, los cambios efectuados en las mismas.<\/p>\n","protected":false},"excerpt":{"rendered":"<p>AVISO LEGAL El presente Aviso Legal regula el acceso, navegaci\u00f3n y uso del presente sitio web (en adelante, el \u201cSitio Web\u201d).&nbsp; 1.-DERECHO DE LA INFORMACI\u00d3N En cumplimiento con el deber de informaci\u00f3n recogido en art\u00edculo 10 de la Ley 34\/2002, de 11 de Julio, de Servicios de la Sociedad de la Informaci\u00f3n y del Comercio &hellip; <a href=\"https:\/\/nebot.com\/catalogos\/aviso-legal\/\" class=\"more-link\">Continuar leyendo<span class=\"screen-reader-text\"> \u00abAVISO LEGAL\u00bb<\/span><\/a><\/p>\n","protected":false},"author":1,"featured_media":0,"parent":0,"menu_order":0,"comment_status":"closed","ping_status":"closed","template":"","meta":{"footnotes":""},"class_list":["post-1862","page","type-page","status-publish","hentry"],"_links":{"self":[{"href":"https:\/\/nebot.com\/catalogos\/wp-json\/wp\/v2\/pages\/1862","targetHints":{"allow":["GET"]}}],"collection":[{"href":"https:\/\/nebot.com\/catalogos\/wp-json\/wp\/v2\/pages"}],"about":[{"href":"https:\/\/nebot.com\/catalogos\/wp-json\/wp\/v2\/types\/page"}],"author":[{"embeddable":true,"href":"https:\/\/nebot.com\/catalogos\/wp-json\/wp\/v2\/users\/1"}],"replies":[{"embeddable":true,"href":"https:\/\/nebot.com\/catalogos\/wp-json\/wp\/v2\/comments?post=1862"}],"version-history":[{"count":3,"href":"https:\/\/nebot.com\/catalogos\/wp-json\/wp\/v2\/pages\/1862\/revisions"}],"predecessor-version":[{"id":1873,"href":"https:\/\/nebot.com\/catalogos\/wp-json\/wp\/v2\/pages\/1862\/revisions\/1873"}],"wp:attachment":[{"href":"https:\/\/nebot.com\/catalogos\/wp-json\/wp\/v2\/media?parent=1862"}],"curies":[{"name":"wp","href":"https:\/\/api.w.org\/{rel}","templated":true}]}}