{"id":1864,"date":"2020-05-01T15:11:46","date_gmt":"2020-05-01T15:11:46","guid":{"rendered":"https:\/\/nebot.com\/catalogos\/?page_id=1864"},"modified":"2020-05-01T15:30:05","modified_gmt":"2020-05-01T15:30:05","slug":"politica-de-privacidad-y-proteccion-de-datos","status":"publish","type":"page","link":"https:\/\/nebot.com\/catalogos\/politica-de-privacidad-y-proteccion-de-datos\/","title":{"rendered":"POLITICA DE PRIVACIDAD Y PROTECCION DE DATOS"},"content":{"rendered":"\n<p class=\"has-medium-font-size\"><strong>POLITICA DE PRIVACIDAD Y PROTECCI\u00d3N DE DATOS<\/strong><\/p>\n\n\n\n<ol class=\"wp-block-list\"><li><strong>\u2013\n  \u00bfQui\u00e9n es el responsable del tratamiento de sus datos?<\/strong><\/li><\/ol>\n\n\n\n<p>El responsable del tratamiento de sus\ndatos personales es Toben Trading Group S.L,(en adelante, \u201c<strong>LA EMPRESA<\/strong>\u201d),\ncon CIF. B65872277, y domicilio social en C\/ Arag\u00f3n 604 08018 Barcelona Spain.\n\n<\/p>\n\n\n\n<p>Le informamos que la titularidad del\ndominio de nuestra web <a href=\"http:\/\/www.mueblesnebot.com\">www.mueblesnebot.com<\/a> &#8211; <a href=\"http:\/\/www.moblesnebot.com\">www.moblesnebot.com<\/a> &#8211; <a href=\"http:\/\/www.nebot.com\">www.nebot.com<\/a> &nbsp;(en adelante el \u201cSitio Web\u201d), es de LA EMPRESA.<\/p>\n\n\n\n<p>El acceso y\/o uso al Sitio Web le\natribuye la condici\u00f3n de Usuario (en adelante, el \u201cUsuario\u201d), e implica la\naceptaci\u00f3n, desde dicho acceso y\/o uso, de la presente Pol\u00edtica de Privacidad.<\/p>\n\n\n\n<p>El Usuario podr\u00e1 contactar con LA\nEMPRESA en la siguiente direcci\u00f3n de correo electr\u00f3nico: <a href=\"mailto:comercial@nebot.com\">comercial@nebot.com<\/a> <\/p>\n\n\n\n<ul class=\"wp-block-list\"><li><strong>\u2013\n\u00bfPor qu\u00e9&nbsp;LA EMPRESA&nbsp;est\u00e1 legitimado para llevar a cabo el tratamiento\nde datos?<\/strong><\/li><\/ul>\n\n\n\n<p>LA EMPRESA est\u00e1 legitimado para tratar\nsus datos para poder llevar a cabo la prestaci\u00f3n de sus servicios.<\/p>\n\n\n\n<p>LA EMPRESA se toma muy en serio la\nprotecci\u00f3n de su privacidad y de sus datos personales. Por lo tanto, su\ninformaci\u00f3n personal se conserva de forma segura y se trata con el m\u00e1ximo\ncuidado.<\/p>\n\n\n\n<p>La presente Pol\u00edtica de Privacidad\nregula el acceso y el uso al servicio (en adelante, el \u201cServicio\u201d) que LA\nEMPRESA pone a disposici\u00f3n del Usuario interesado en los servicios y Contenidos\nalojados en el Sitio Web.<\/p>\n\n\n\n<p>De conformidad con lo establecido en la\nnormativa de protecci\u00f3n de datos aplicable, as\u00ed como, en su caso, en la\nnormativa de desarrollo, LA EMPRESA, titular de este Sitio Web, informa al\nUsuario de la existencia de un fichero automatizado de datos de car\u00e1cter\npersonal, debidamente inscrito en el Registro General de la Agencia Espa\u00f1ola de\nProtecci\u00f3n de Datos, creado por LA EMPRESA bajo su responsabilidad.<\/p>\n\n\n\n<p><strong>3.-\u00bfCu\u00e1les son&nbsp;las finalidades del tratamiento de sus\ndatos de car\u00e1cter personal&nbsp;por parte de LA EMPRESA?<\/strong><\/p>\n\n\n\n<p>3.a Tratamiento de\ndatos de car\u00e1cter personal por parte de LA EMPRESA<\/p>\n\n\n\n<p>Sus datos de car\u00e1cter personal recabados\npor LA EMPRESA podr\u00e1n ser utilizados para las siguientes finalidades:<\/p>\n\n\n\n<ul class=\"wp-block-list\"><li>Enviar informaci\u00f3n detallada sobre los congresos\ny eventos que LA EMPRESA organice.<\/li><li>Enviar comunicaciones comerciales y Newsletters de LA EMPRESA sobre sus servicios mediante\ncarta, tel\u00e9fono, correo electr\u00f3nico, SMS\/MMS, o por otros medios de\ncomunicaci\u00f3n electr\u00f3nica equivalentes siempre y cuando el Usuario haya\nconsentido el tratamiento de sus datos personales con esta finalidad.<\/li><\/ul>\n\n\n\n<p>Asimismo, el Usuario consiente el\ntratamiento de sus datos para la elaboraci\u00f3n de perfiles, as\u00ed como para la\nsegmentaci\u00f3n de sus datos. Los citados tratamientos pueden tener como finalidad\ntanto el an\u00e1lisis y realizaci\u00f3n de estad\u00edsticas para conocer el tr\u00e1fico y\nutilizaci\u00f3n del Sitio Web por parte de los Usuarios, como la determinaci\u00f3n de\nsus gustos y preferencias para remitirle informaci\u00f3n promocional acorde con sus\nintereses.<\/p>\n\n\n\n<p>3.b Remisi\u00f3n de\ncomunicaciones comerciales por cuenta de terceros<\/p>\n\n\n\n<p>LA EMPRESA podr\u00e1 tratar sus datos,\nsiempre y cuando haya aceptado este tratamiento de datos personales para\nenviarle por carta, tel\u00e9fono, correo electr\u00f3nico, SMS\/MMS, o por otros medios\nde comunicaci\u00f3n electr\u00f3nica equivalentes, comunicaciones comerciales o\ninformaci\u00f3n de empresas relacionadas con los con los siguientes sectores:&nbsp; <\/p>\n\n\n\n<p>&nbsp;&nbsp;&nbsp;&nbsp;&nbsp;&nbsp;&nbsp;&nbsp;&nbsp;&nbsp;&nbsp;&nbsp;&nbsp; Mobiliario,\ncolchoner\u00eda y art\u00edculos de decoraci\u00f3n.<\/p>\n\n\n\n<p>3.c) Cesiones de datos\na terceras empresas<\/p>\n\n\n\n<p>Sus datos podr\u00e1n ser cedidos a empresas\npatrocinadoras de los eventos organizados por LA EMPRESA.<\/p>\n\n\n\n<p>La finalidad de la cesi\u00f3n ser\u00e1 el env\u00edo,\npor carta, tel\u00e9fono, correo electr\u00f3nico, SMS\/MMS, o por otros medios de\ncomunicaci\u00f3n electr\u00f3nica equivalentes por parte de estas empresas de\ninformaci\u00f3n y comunicaciones comerciales que puedan resultar de su inter\u00e9s.<\/p>\n\n\n\n<p>No obstante, el Usuario podr\u00e1 revocar el\nconsentimiento, en cada comunicado comercial o publicitario que se le haga\nllegar, y en cualquier momento, mediante notificaci\u00f3n en la siguiente direcci\u00f3n\nde correo electr\u00f3nico <a href=\"mailto:comercial@nebot.com\">comercial@nebot.com<\/a> &nbsp;o mediante carta dirigida a Toben Trading Group\nS.L. con domicilio<\/p>\n\n\n\n<p>en C\/Arag\u00f3n 604 08018 Barcelona.<\/p>\n\n\n\n<p><strong>4.-\nVeracidad de los datos facilitados por los Usuarios<\/strong><\/p>\n\n\n\n<p>El Usuario garantiza que los datos\npersonales facilitados son veraces y se hace responsable de comunicar a LA\nEMPRESA cualquier modificaci\u00f3n de los mismos. El\nUsuario responder\u00e1, en cualquier caso, de la veracidad de los datos\nfacilitados, reserv\u00e1ndose LA EMPRESA el derecho a excluir de los Servicios\nregistrados a todo Usuario que haya facilitado datos falsos, sin perjuicio de\nlas dem\u00e1s acciones que procedan en Derecho.<\/p>\n\n\n\n<p><strong>5.-Conservaci\u00f3n\nde los datos<\/strong><\/p>\n\n\n\n<p>Los datos personales proporcionados se\nconservar\u00e1n por parte de LA EMPRESA mientras esta los considere necesarios \u00f3 el Usuario no manifieste su voluntad de darse de baja de\nlos servicios de LA EMPRESA, y ello con la finalidad de recibir informaci\u00f3n\nsobre productos de la empresa.<\/p>\n\n\n\n<p><strong>6.-\nDerechos del Usuario en relaci\u00f3n con sus&nbsp;datos<\/strong><\/p>\n\n\n\n<p>El Usuario tiene derecho a (I) acceder a\nsus datos personales, as\u00ed como a (II) solicitar la rectificaci\u00f3n de los datos\ninexactos o, en su caso, solicitar su (III) supresi\u00f3n, (IV) solicitar la\nlimitaci\u00f3n del tratamiento de sus datos, (V) oponerse al tratamiento de sus\ndatos y (VI) solicitar su portabilidad. Adem\u00e1s, el Usuario podr\u00e1 ejercer su (VII)\nderecho al olvido.<\/p>\n\n\n\n<p>El Usuario puede ejercer todos estos\nderechos en la siguiente direcci\u00f3n de <a href=\"mailto:comercial@nebot.com\">comercial@nebot.com<\/a> &nbsp;indicando el\nmotivo de su petici\u00f3n y aportando una copia de su D.N.I.<\/p>\n\n\n\n<p>El Usuario puede tambi\u00e9n enviar su\npetici\u00f3n por correo ordinario a la siguiente direcci\u00f3n: C\/Arag\u00f3n\n604 08018 Barcelona.<\/p>\n\n\n\n<p>Sin perjuicio de cualquier otro recurso administrativo\no acci\u00f3n judicial, el Usuario tendr\u00e1 derecho a presentar una reclamaci\u00f3n ante\nuna Autoridad de Control, en particular en el Estado miembro en el que tenga su\nresidencia habitual, lugar de trabajo o lugar de la supuesta infracci\u00f3n, en\ncaso de que considere que el tratamiento de sus datos personales no es adecuado\na la normativa, as\u00ed como en el caso de no ver satisfecho el ejercicio de sus\nderechos. La autoridad de control ante la que se haya presentado la reclamaci\u00f3n\ninformar\u00e1 al reclamante sobre el curso y el resultado de la reclamaci\u00f3n.<\/p>\n\n\n\n<p><strong>7.-\nSeguridad de los datos<\/strong><\/p>\n\n\n\n<p>La protecci\u00f3n de la privacidad y los\ndatos personales de los Usuarios es muy importante para LA EMPRESA. Por lo\ntanto, LA EMPRESA hace todo lo que est\u00e1 en su mano para impedir que sus datos\nse utilicen de forma inadecuada, permitiendo el acceso a los mismo \u00fanicamente a\npersonal autorizado.<\/p>\n\n\n\n<p>LA EMPRESA mantiene los niveles de\nseguridad de protecci\u00f3n de datos personales conforme a la normativa aplicable y\nha establecido todos los medios t\u00e9cnicos a su alcance para evitar la p\u00e9rdida,\nmal uso, alteraci\u00f3n, acceso no autorizado y robo de los datos que el Usuario\nfacilite a trav\u00e9s del Sitio Web, sin perjuicio de informarle de que las medidas\nde seguridad en Internet no son inexpugnables.<\/p>\n\n\n\n<p>LA EMPRESA se compromete a cumplir con\nel deber de secreto y confidencialidad respecto de los datos personales de\nacuerdo con la legislaci\u00f3n aplicable, as\u00ed como a conferirles un tratamiento\nseguro en las cesiones y transferencias internacionales de datos que, en su\ncaso, puedan producirse.<\/p>\n\n\n\n<p>En aquellos servicios de la web que\nprecisen registrarse como Usuario, se deber\u00e1 elegir una contrase\u00f1a. El Usuario es\nel responsable de mantener la confidencialidad de esta contrase\u00f1a, as\u00ed como de\ntodas las actividades que ocurran en la sesi\u00f3n iniciada con su nombre y\ncontrase\u00f1a. El Usuario se compromete a notificar a LA EMPRESA a la mayor\nbrevedad el uso no autorizado de su nombre de Usuario y\/o contrase\u00f1a o\ncualquier otro fallo en la seguridad. LA EMPRESA no ser\u00e1 responsable por los\nda\u00f1os o p\u00e9rdidas que se pudieran originar debido al no cumplimiento de esta\nobligaci\u00f3n por parte del Usuario.<\/p>\n\n\n\n<p><strong>8.-Cambios<\/strong><\/p>\n\n\n\n<p>LA EMPRESA se reserva el derecho de\nrevisar su Pol\u00edtica de Privacidad en el momento que considere oportuno. Por\nesta raz\u00f3n, le rogamos que compruebe de forma regular esta Pol\u00edtica de\nPrivacidad para leer la versi\u00f3n m\u00e1s reciente de la misma. &nbsp;No obstante,\ncualquier cambio que se produzca en la presente Pol\u00edtica de Privacidad se\ncomunicar\u00e1 al Usuario.<\/p>\n\n\n\n<p><strong>&nbsp;&nbsp;&nbsp;&nbsp;&nbsp;\n9.- Links a p\u00e1ginas web<\/strong><\/p>\n\n\n\n<p>El Sitio Web de LA EMPRESA podr\u00eda\ncontener links a p\u00e1ginas web de compa\u00f1\u00edas y entidades de terceros.<\/p>\n\n\n\n<p>LA EMPRESA no puede hacerse responsable\nde la forma en la que estas compa\u00f1\u00edas tratan la protecci\u00f3n de la privacidad y\nde los datos personales, por lo que le aconsejamos que lea detenidamente las\ndeclaraciones de Pol\u00edtica de Privacidad de estas p\u00e1ginas web que no son\npropiedad de LA EMPRESA con relaci\u00f3n al uso, procesamiento y protecci\u00f3n de\ndatos personales. Las condiciones que ofrecen estas p\u00e1ginas web pueden no ser\nlas mismas que las que ofrece LA EMPRESA.<\/p>\n\n\n\n<p><strong>10.-\nPreguntas<\/strong><\/p>\n\n\n\n<p>Si tienen alguna pregunta sobre esta\nPol\u00edtica de Privacidad o el tratamiento de sus datos rogamos que se ponga en\ncontacto con LA EMPRESA mediante correo electr\u00f3nico dirigido a la siguiente\ndirecci\u00f3n de correo electr\u00f3nico:&nbsp;comercial@nebot.com<\/p>\n\n\n\n<p><strong>11.-\nAceptaci\u00f3n y Consentimiento<\/strong><\/p>\n\n\n\n<p>El Usuario declara haber sido informado\nde las condiciones sobre protecci\u00f3n de datos personales, aceptando y\nconsintiendo el tratamiento de los mismos por parte de\nLA EMPRESA, en la forma y para las finalidades indicadas en la presente\nPol\u00edtica de Privacidad.<\/p>\n","protected":false},"excerpt":{"rendered":"<p>POLITICA DE PRIVACIDAD Y PROTECCI\u00d3N DE DATOS \u2013 \u00bfQui\u00e9n es el responsable del tratamiento de sus datos? El responsable del tratamiento de sus datos personales es Toben Trading Group S.L,(en adelante, \u201cLA EMPRESA\u201d), con CIF. B65872277, y domicilio social en C\/ Arag\u00f3n 604 08018 Barcelona Spain. Le informamos que la titularidad del dominio de nuestra &hellip; <a href=\"https:\/\/nebot.com\/catalogos\/politica-de-privacidad-y-proteccion-de-datos\/\" class=\"more-link\">Continuar leyendo<span class=\"screen-reader-text\"> \u00abPOLITICA DE PRIVACIDAD Y PROTECCION DE DATOS\u00bb<\/span><\/a><\/p>\n","protected":false},"author":1,"featured_media":0,"parent":0,"menu_order":0,"comment_status":"closed","ping_status":"closed","template":"","meta":{"footnotes":""},"class_list":["post-1864","page","type-page","status-publish","hentry"],"_links":{"self":[{"href":"https:\/\/nebot.com\/catalogos\/wp-json\/wp\/v2\/pages\/1864","targetHints":{"allow":["GET"]}}],"collection":[{"href":"https:\/\/nebot.com\/catalogos\/wp-json\/wp\/v2\/pages"}],"about":[{"href":"https:\/\/nebot.com\/catalogos\/wp-json\/wp\/v2\/types\/page"}],"author":[{"embeddable":true,"href":"https:\/\/nebot.com\/catalogos\/wp-json\/wp\/v2\/users\/1"}],"replies":[{"embeddable":true,"href":"https:\/\/nebot.com\/catalogos\/wp-json\/wp\/v2\/comments?post=1864"}],"version-history":[{"count":3,"href":"https:\/\/nebot.com\/catalogos\/wp-json\/wp\/v2\/pages\/1864\/revisions"}],"predecessor-version":[{"id":1871,"href":"https:\/\/nebot.com\/catalogos\/wp-json\/wp\/v2\/pages\/1864\/revisions\/1871"}],"wp:attachment":[{"href":"https:\/\/nebot.com\/catalogos\/wp-json\/wp\/v2\/media?parent=1864"}],"curies":[{"name":"wp","href":"https:\/\/api.w.org\/{rel}","templated":true}]}}